{"id":11120,"date":"2023-02-22T18:19:42","date_gmt":"2023-02-22T18:19:42","guid":{"rendered":"https:\/\/staging-esow.devfloat.pt\/?page_id=11120"},"modified":"2023-04-06T16:48:37","modified_gmt":"2023-04-06T15:48:37","slug":"aviso-legal","status":"publish","type":"page","link":"https:\/\/staging-esow.devfloat.pt\/es\/aviso-legal\/","title":{"rendered":"Aviso Legal"},"content":{"rendered":"\t\t<div data-elementor-type=\"wp-page\" data-elementor-id=\"11120\" class=\"elementor elementor-11120\" data-elementor-post-type=\"page\">\n\t\t\t\t\t\t<section data-particle_enable=\"false\" data-particle-mobile-disabled=\"false\" class=\"elementor-section elementor-top-section elementor-element elementor-element-95dabca elementor-section-boxed elementor-section-height-default elementor-section-height-default\" data-id=\"95dabca\" data-element_type=\"section\" data-settings=\"{&quot;_ob_glider_is_slider&quot;:&quot;no&quot;}\">\n\t\t\t\t\t\t<div class=\"elementor-container elementor-column-gap-default\">\n\t\t\t\t\t<div class=\"elementor-column elementor-col-100 elementor-top-column elementor-element elementor-element-7c2a90f\" data-id=\"7c2a90f\" data-element_type=\"column\" data-settings=\"{&quot;_ob_column_hoveranimator&quot;:&quot;no&quot;,&quot;_ob_column_has_pseudo&quot;:&quot;no&quot;}\">\n\t\t\t<div class=\"elementor-widget-wrap elementor-element-populated\">\n\t\t\t\t\t\t<div class=\"elementor-element elementor-element-77f7add ob-harakiri-inherit elementor-widget elementor-widget-heading\" data-id=\"77f7add\" data-element_type=\"widget\" data-settings=\"{&quot;_ob_use_harakiri&quot;:&quot;yes&quot;,&quot;_ob_harakiri_writing_mode&quot;:&quot;inherit&quot;,&quot;_ob_harakiri_text_clip&quot;:&quot;none&quot;,&quot;_ob_widget_stalker_use&quot;:&quot;no&quot;,&quot;_ob_shadough_use&quot;:&quot;no&quot;,&quot;_ob_allow_hoveranimator&quot;:&quot;no&quot;}\" data-widget_type=\"heading.default\">\n\t\t\t\t<div class=\"elementor-widget-container\">\n\t\t\t\t\t<h2 class=\"elementor-heading-title elementor-size-default\"><div class=\"under-yellow\">AVISO LEGAL<\/div><\/h2>\t\t\t\t<\/div>\n\t\t\t\t<\/div>\n\t\t\t\t\t<\/div>\n\t\t<\/div>\n\t\t\t\t\t<\/div>\n\t\t<\/section>\n\t\t\t\t<section data-particle_enable=\"false\" data-particle-mobile-disabled=\"false\" class=\"elementor-section elementor-top-section elementor-element elementor-element-2698de4 elementor-section-boxed elementor-section-height-default elementor-section-height-default\" data-id=\"2698de4\" data-element_type=\"section\" data-settings=\"{&quot;_ob_glider_is_slider&quot;:&quot;no&quot;}\">\n\t\t\t\t\t\t<div class=\"elementor-container elementor-column-gap-default\">\n\t\t\t\t\t<div class=\"elementor-column elementor-col-100 elementor-top-column elementor-element elementor-element-d6f93bd\" data-id=\"d6f93bd\" data-element_type=\"column\" data-settings=\"{&quot;_ob_column_hoveranimator&quot;:&quot;no&quot;,&quot;_ob_column_has_pseudo&quot;:&quot;no&quot;}\">\n\t\t\t<div class=\"elementor-widget-wrap elementor-element-populated\">\n\t\t\t\t\t\t<div class=\"elementor-element elementor-element-6822880 ob-harakiri-inherit elementor-widget elementor-widget-text-editor\" data-id=\"6822880\" data-element_type=\"widget\" data-settings=\"{&quot;_ob_use_harakiri&quot;:&quot;yes&quot;,&quot;_ob_harakiri_writing_mode&quot;:&quot;inherit&quot;,&quot;_ob_widget_stalker_use&quot;:&quot;no&quot;,&quot;_ob_shadough_use&quot;:&quot;no&quot;,&quot;_ob_allow_hoveranimator&quot;:&quot;no&quot;}\" data-widget_type=\"text-editor.default\">\n\t\t\t\t<div class=\"elementor-widget-container\">\n\t\t\t\t\t\t\t\t\t<p><span data-contrast=\"none\">Marca \/ Descargo de responsabilidad legal<\/span><span data-ccp-props=\"{&quot;134233117&quot;:true,&quot;134233118&quot;:true,&quot;201341983&quot;:0,&quot;335559739&quot;:160,&quot;335559740&quot;:240}\">\u00a0<\/span><\/p>\t\t\t\t\t\t\t\t<\/div>\n\t\t\t\t<\/div>\n\t\t\t\t\t<\/div>\n\t\t<\/div>\n\t\t\t\t\t<\/div>\n\t\t<\/section>\n\t\t\t\t<section data-particle_enable=\"false\" data-particle-mobile-disabled=\"false\" class=\"elementor-section elementor-top-section elementor-element elementor-element-3b490ee elementor-section-boxed elementor-section-height-default elementor-section-height-default\" data-id=\"3b490ee\" data-element_type=\"section\" data-settings=\"{&quot;_ob_glider_is_slider&quot;:&quot;no&quot;}\">\n\t\t\t\t\t\t<div class=\"elementor-container elementor-column-gap-default\">\n\t\t\t\t\t<div class=\"elementor-column elementor-col-100 elementor-top-column elementor-element elementor-element-fa8ae66\" data-id=\"fa8ae66\" data-element_type=\"column\" data-settings=\"{&quot;_ob_column_hoveranimator&quot;:&quot;no&quot;,&quot;_ob_column_has_pseudo&quot;:&quot;no&quot;}\">\n\t\t\t<div class=\"elementor-widget-wrap elementor-element-populated\">\n\t\t\t\t\t\t<div class=\"elementor-element elementor-element-34ea118 ob-harakiri-inherit elementor-widget elementor-widget-heading\" data-id=\"34ea118\" data-element_type=\"widget\" data-settings=\"{&quot;_ob_use_harakiri&quot;:&quot;yes&quot;,&quot;_ob_harakiri_writing_mode&quot;:&quot;inherit&quot;,&quot;_ob_harakiri_text_clip&quot;:&quot;none&quot;,&quot;_ob_widget_stalker_use&quot;:&quot;no&quot;,&quot;_ob_shadough_use&quot;:&quot;no&quot;,&quot;_ob_allow_hoveranimator&quot;:&quot;no&quot;}\" data-widget_type=\"heading.default\">\n\t\t\t\t<div class=\"elementor-widget-container\">\n\t\t\t\t\t<h2 class=\"elementor-heading-title elementor-size-default\">CONTACTO <\/h2>\t\t\t\t<\/div>\n\t\t\t\t<\/div>\n\t\t\t\t<div class=\"elementor-element elementor-element-744d7ca ob-harakiri-inherit elementor-widget elementor-widget-text-editor\" data-id=\"744d7ca\" data-element_type=\"widget\" data-settings=\"{&quot;_ob_use_harakiri&quot;:&quot;yes&quot;,&quot;_ob_harakiri_writing_mode&quot;:&quot;inherit&quot;,&quot;_ob_widget_stalker_use&quot;:&quot;no&quot;,&quot;_ob_shadough_use&quot;:&quot;no&quot;,&quot;_ob_allow_hoveranimator&quot;:&quot;no&quot;}\" data-widget_type=\"text-editor.default\">\n\t\t\t\t<div class=\"elementor-widget-container\">\n\t\t\t\t\t\t\t\t\t<p><span data-contrast=\"none\">Merck KGaA<\/span>\u00a0<br \/><span data-contrast=\"none\">Frankfurter Strasse 250\u202f<\/span>\u00a0<br \/><span data-contrast=\"none\">64293 Darmstadt<\/span>\u00a0<br \/><span data-contrast=\"none\">Alemania<\/span><span data-ccp-props=\"{&quot;134233117&quot;:false,&quot;134233118&quot;:false,&quot;201341983&quot;:0,&quot;335559738&quot;:0,&quot;335559739&quot;:360,&quot;335559740&quot;:240}\">\u00a0<\/span><\/p><p><span data-contrast=\"none\">Tel.: +49 6151 72-0\u202f<\/span>\u00a0<br \/><span data-contrast=\"none\">Telefax: +49 6151 72-2000<\/span>\u00a0<br \/><span data-contrast=\"none\">Email:\u202f<\/span><a href=\"mailto:\u202fservice@merckgroup.com\"><span data-contrast=\"none\">service@merckgroup.com<\/span><\/a><span data-ccp-props=\"{&quot;134233117&quot;:false,&quot;134233118&quot;:false,&quot;201341983&quot;:0,&quot;335559738&quot;:0,&quot;335559739&quot;:0,&quot;335559740&quot;:240}\">\u00a0<\/span><\/p>\t\t\t\t\t\t\t\t<\/div>\n\t\t\t\t<\/div>\n\t\t\t\t\t<\/div>\n\t\t<\/div>\n\t\t\t\t\t<\/div>\n\t\t<\/section>\n\t\t\t\t<section data-particle_enable=\"false\" data-particle-mobile-disabled=\"false\" class=\"elementor-section elementor-top-section elementor-element elementor-element-d038e60 elementor-section-boxed elementor-section-height-default elementor-section-height-default\" data-id=\"d038e60\" data-element_type=\"section\" data-settings=\"{&quot;_ob_glider_is_slider&quot;:&quot;no&quot;}\">\n\t\t\t\t\t\t<div class=\"elementor-container elementor-column-gap-default\">\n\t\t\t\t\t<div class=\"elementor-column elementor-col-100 elementor-top-column elementor-element elementor-element-854254c\" data-id=\"854254c\" data-element_type=\"column\" data-settings=\"{&quot;_ob_column_hoveranimator&quot;:&quot;no&quot;,&quot;_ob_column_has_pseudo&quot;:&quot;no&quot;}\">\n\t\t\t<div class=\"elementor-widget-wrap elementor-element-populated\">\n\t\t\t\t\t\t<div class=\"elementor-element elementor-element-a77b5d7 ob-harakiri-inherit elementor-widget elementor-widget-heading\" data-id=\"a77b5d7\" data-element_type=\"widget\" data-settings=\"{&quot;_ob_use_harakiri&quot;:&quot;yes&quot;,&quot;_ob_harakiri_writing_mode&quot;:&quot;inherit&quot;,&quot;_ob_harakiri_text_clip&quot;:&quot;none&quot;,&quot;_ob_widget_stalker_use&quot;:&quot;no&quot;,&quot;_ob_shadough_use&quot;:&quot;no&quot;,&quot;_ob_allow_hoveranimator&quot;:&quot;no&quot;}\" data-widget_type=\"heading.default\">\n\t\t\t\t<div class=\"elementor-widget-container\">\n\t\t\t\t\t<h2 class=\"elementor-heading-title elementor-size-default\">DETALLES<\/h2>\t\t\t\t<\/div>\n\t\t\t\t<\/div>\n\t\t\t\t<div class=\"elementor-element elementor-element-915674a ob-harakiri-inherit elementor-widget elementor-widget-text-editor\" data-id=\"915674a\" data-element_type=\"widget\" data-settings=\"{&quot;_ob_use_harakiri&quot;:&quot;yes&quot;,&quot;_ob_harakiri_writing_mode&quot;:&quot;inherit&quot;,&quot;_ob_widget_stalker_use&quot;:&quot;no&quot;,&quot;_ob_shadough_use&quot;:&quot;no&quot;,&quot;_ob_allow_hoveranimator&quot;:&quot;no&quot;}\" data-widget_type=\"text-editor.default\">\n\t\t\t\t<div class=\"elementor-widget-container\">\n\t\t\t\t\t\t\t\t\t<p><b><span data-contrast=\"none\">Forma jur\u00eddica:<\/span><\/b><span data-contrast=\"none\">\u202fSociedad an\u00f3nima con socios colectivos\u202f<\/span>\u00a0<br \/><b><span data-contrast=\"none\">Registro mercantil:<\/span><\/b><span data-contrast=\"none\">\u202fHRB 6164<\/span>\u00a0<br \/><span data-contrast=\"none\">\u202f \u202f \u202f \u202f \u202f \u202f \u202f \u202f \u202f \u202f \u202f \u202f \u202f \u202f \u202f \u202f \u202f \u202fAmtsgericht Darmstadt<\/span>\u00a0<br \/><b><span data-contrast=\"none\">Domicilio social:<\/span><\/b><span data-contrast=\"none\">\u202fDarmstadt\u202f<\/span>\u00a0<br \/><b><span data-contrast=\"none\">Presidente del Consejo de Supervisi\u00f3n:\u202f<\/span><\/b><span data-contrast=\"none\">Dr. Wolfgang B\u00fcchele<\/span><span data-ccp-props=\"{&quot;134233117&quot;:false,&quot;134233118&quot;:false,&quot;201341983&quot;:0,&quot;335559738&quot;:0,&quot;335559739&quot;:360,&quot;335559740&quot;:240}\">\u00a0<\/span><\/p><p><b><span data-contrast=\"none\">Consejo de Administraci\u00f3n:<\/span><\/b>\u00a0<br \/><span data-contrast=\"none\">Bel\u00e9n Garijo, MD\u202f<\/span><i><span data-contrast=\"none\">(Chair &amp; CEO)\u202f<\/span><\/i>\u00a0<br \/><span data-contrast=\"none\">Dr. Kai Beckmann\u202f<\/span><i><span data-contrast=\"none\">(CEO Electronics)<\/span><\/i>\u00a0<br \/><span data-contrast=\"none\">Peter Guenter (CEO Healthcare)<\/span>\u00a0<br \/><span data-contrast=\"none\">Dr. Matthias Heinzel<\/span><i><span data-contrast=\"none\">\u202f(CEO Life Science)<\/span><\/i>\u00a0<br \/><span data-contrast=\"none\">Dr. Marcus Kuhnert\u202f<\/span><i><span data-contrast=\"none\">(CFO)\u202f<\/span><\/i><span data-contrast=\"none\">\u202f\u202f<\/span><span data-ccp-props=\"{&quot;134233117&quot;:false,&quot;134233118&quot;:false,&quot;201341983&quot;:0,&quot;335559738&quot;:0,&quot;335559739&quot;:360,&quot;335559740&quot;:240}\">\u00a0<\/span><\/p><p><b><span data-contrast=\"none\">N\u00famero de identificaci\u00f3n del impuesto sobre el valor a\u00f1adido (VAT ID):<\/span><\/b><span data-contrast=\"none\">\u202fDE 811850788\u202f<\/span>\u00a0<br \/><b><span data-contrast=\"none\">Autoridad gubernamental competente:<\/span><\/b><span data-contrast=\"none\">\u202fRegierungspr\u00e4sidium Darmstadt (Germany).<\/span><span data-ccp-props=\"{&quot;134233117&quot;:false,&quot;134233118&quot;:false,&quot;201341983&quot;:0,&quot;335559738&quot;:0,&quot;335559739&quot;:360,&quot;335559740&quot;:240}\">\u00a0<\/span><\/p><p><b><span data-contrast=\"none\">Contenido Responsable<\/span><\/b><span data-contrast=\"none\">\u202f(\u00a7 18 para. 2 German State Broadcasting Treaty (MStV)): Sandra Baur<\/span>\u00a0<\/p><p><span data-contrast=\"none\">Este pie de imprenta tambi\u00e9n es v\u00e1lido para las plataformas de medios sociales del Grupo Merck, por ejemplo, para el sitio\u202f<\/span><a href=\"http:\/\/www.facebook.com\/MerckGroup\"><span data-contrast=\"none\">www.facebook.com\/MerckGroup<\/span><\/a><span data-contrast=\"none\">.<\/span><span data-ccp-props=\"{&quot;134233117&quot;:false,&quot;134233118&quot;:false,&quot;201341983&quot;:0,&quot;335559738&quot;:0,&quot;335559739&quot;:360,&quot;335559740&quot;:240}\">\u00a0<\/span><\/p><p><span data-contrast=\"none\">Tambi\u00e9n puede echar un vistazo a nuestra\u202f<\/span><span style=\"text-decoration: underline;\"><a href=\"\/es\/data-privacy-policy\/\">link a la declaraci\u00f3n de privacidad en Espa\u00f1ol<\/a><\/span><span data-contrast=\"none\">\u202fpara ver que nos tomamos muy en serio la protecci\u00f3n de datos y la confidencialidad y que en nuestro sitio no hacemos m\u00e1s uso de sus contribuciones en los medios sociales.<\/span><span data-ccp-props=\"{&quot;134233117&quot;:false,&quot;134233118&quot;:false,&quot;201341983&quot;:0,&quot;335559738&quot;:0,&quot;335559739&quot;:0,&quot;335559740&quot;:240}\">\u00a0<\/span><\/p>\t\t\t\t\t\t\t\t<\/div>\n\t\t\t\t<\/div>\n\t\t\t\t\t<\/div>\n\t\t<\/div>\n\t\t\t\t\t<\/div>\n\t\t<\/section>\n\t\t\t\t<section data-particle_enable=\"false\" data-particle-mobile-disabled=\"false\" class=\"elementor-section elementor-top-section elementor-element elementor-element-789e59b elementor-section-boxed elementor-section-height-default elementor-section-height-default\" data-id=\"789e59b\" data-element_type=\"section\" data-settings=\"{&quot;_ob_glider_is_slider&quot;:&quot;no&quot;}\">\n\t\t\t\t\t\t<div class=\"elementor-container elementor-column-gap-default\">\n\t\t\t\t\t<div class=\"elementor-column elementor-col-100 elementor-top-column elementor-element elementor-element-1a63329\" data-id=\"1a63329\" data-element_type=\"column\" data-settings=\"{&quot;_ob_column_hoveranimator&quot;:&quot;no&quot;,&quot;_ob_column_has_pseudo&quot;:&quot;no&quot;}\">\n\t\t\t<div class=\"elementor-widget-wrap elementor-element-populated\">\n\t\t\t\t\t\t<div class=\"elementor-element elementor-element-1190425 elementor-widget elementor-widget-spacer\" data-id=\"1190425\" data-element_type=\"widget\" data-settings=\"{&quot;_ob_widget_stalker_use&quot;:&quot;no&quot;,&quot;_ob_shadough_use&quot;:&quot;no&quot;,&quot;_ob_allow_hoveranimator&quot;:&quot;no&quot;}\" data-widget_type=\"spacer.default\">\n\t\t\t\t<div class=\"elementor-widget-container\">\n\t\t\t\t\t\t\t<div class=\"elementor-spacer\">\n\t\t\t<div class=\"elementor-spacer-inner\"><\/div>\n\t\t<\/div>\n\t\t\t\t\t\t<\/div>\n\t\t\t\t<\/div>\n\t\t\t\t\t<\/div>\n\t\t<\/div>\n\t\t\t\t\t<\/div>\n\t\t<\/section>\n\t\t\t\t<\/div>\n\t\t","protected":false},"excerpt":{"rendered":"<p>AVISO LEGAL Marca \/ Descargo de responsabilidad legal\u00a0 CONTACTO Merck KGaA\u00a0Frankfurter Strasse 250\u202f\u00a064293 Darmstadt\u00a0Alemania\u00a0 Tel.: +49 6151 72-0\u202f\u00a0Telefax: +49 6151 72-2000\u00a0Email:\u202fservice@merckgroup.com\u00a0 DETALLES Forma jur\u00eddica:\u202fSociedad an\u00f3nima con socios colectivos\u202f\u00a0Registro mercantil:\u202fHRB 6164\u00a0\u202f \u202f \u202f \u202f \u202f \u202f \u202f \u202f \u202f \u202f \u202f \u202f \u202f \u202f \u202f \u202f \u202f \u202fAmtsgericht Darmstadt\u00a0Domicilio social:\u202fDarmstadt\u202f\u00a0Presidente del Consejo de Supervisi\u00f3n:\u202fDr. Wolfgang B\u00fcchele\u00a0 [&hellip;]<\/p>\n","protected":false},"author":1,"featured_media":13423,"parent":0,"menu_order":1,"comment_status":"closed","ping_status":"closed","template":"elementor_header_footer","meta":{"footnotes":""},"class_list":["post-11120","page","type-page","status-publish","has-post-thumbnail","hentry"],"aioseo_notices":[],"_links":{"self":[{"href":"https:\/\/staging-esow.devfloat.pt\/es\/wp-json\/wp\/v2\/pages\/11120","targetHints":{"allow":["GET"]}}],"collection":[{"href":"https:\/\/staging-esow.devfloat.pt\/es\/wp-json\/wp\/v2\/pages"}],"about":[{"href":"https:\/\/staging-esow.devfloat.pt\/es\/wp-json\/wp\/v2\/types\/page"}],"author":[{"embeddable":true,"href":"https:\/\/staging-esow.devfloat.pt\/es\/wp-json\/wp\/v2\/users\/1"}],"replies":[{"embeddable":true,"href":"https:\/\/staging-esow.devfloat.pt\/es\/wp-json\/wp\/v2\/comments?post=11120"}],"version-history":[{"count":0,"href":"https:\/\/staging-esow.devfloat.pt\/es\/wp-json\/wp\/v2\/pages\/11120\/revisions"}],"wp:featuredmedia":[{"embeddable":true,"href":"https:\/\/staging-esow.devfloat.pt\/es\/wp-json\/wp\/v2\/media\/13423"}],"wp:attachment":[{"href":"https:\/\/staging-esow.devfloat.pt\/es\/wp-json\/wp\/v2\/media?parent=11120"}],"curies":[{"name":"wp","href":"https:\/\/api.w.org\/{rel}","templated":true}]}}