{"id":17992,"date":"2022-08-18T16:47:53","date_gmt":"2022-08-18T15:47:53","guid":{"rendered":"https:\/\/staging-esow.devfloat.pt\/znajdz-lekarza\/"},"modified":"2025-06-09T11:00:28","modified_gmt":"2025-06-09T10:00:28","slug":"znajdz-lekarza","status":"publish","type":"page","link":"https:\/\/staging-esow.devfloat.pt\/pl\/znajdz-lekarza\/","title":{"rendered":"Znajd\u017a lekarza"},"content":{"rendered":"\t\t<div data-elementor-type=\"wp-page\" data-elementor-id=\"17992\" class=\"elementor elementor-17992 elementor-3897\" data-elementor-post-type=\"page\">\n\t\t\t\t\t\t<section data-particle_enable=\"false\" data-particle-mobile-disabled=\"false\" class=\"elementor-section elementor-top-section elementor-element elementor-element-6bad227 elementor-section-boxed elementor-section-height-default elementor-section-height-default\" data-id=\"6bad227\" data-element_type=\"section\" data-settings=\"{&quot;background_background&quot;:&quot;classic&quot;,&quot;_ob_glider_is_slider&quot;:&quot;no&quot;}\">\n\t\t\t\t\t\t<div class=\"elementor-container elementor-column-gap-default\">\n\t\t\t\t\t<div class=\"elementor-column elementor-col-100 elementor-top-column elementor-element elementor-element-3a0da3a2\" data-id=\"3a0da3a2\" data-element_type=\"column\" data-settings=\"{&quot;_ob_column_hoveranimator&quot;:&quot;no&quot;,&quot;_ob_column_has_pseudo&quot;:&quot;no&quot;}\">\n\t\t\t<div class=\"elementor-widget-wrap elementor-element-populated\">\n\t\t\t\t\t\t<div class=\"elementor-element elementor-element-40c4d860 ob-harakiri-inherit elementor-invisible elementor-widget elementor-widget-heading\" data-id=\"40c4d860\" data-element_type=\"widget\" data-settings=\"{&quot;_animation&quot;:&quot;fadeInDown&quot;,&quot;_ob_use_harakiri&quot;:&quot;yes&quot;,&quot;_ob_harakiri_writing_mode&quot;:&quot;inherit&quot;,&quot;_ob_harakiri_text_clip&quot;:&quot;none&quot;,&quot;_ob_widget_stalker_use&quot;:&quot;no&quot;,&quot;_ob_shadough_use&quot;:&quot;no&quot;,&quot;_ob_allow_hoveranimator&quot;:&quot;no&quot;}\" data-widget_type=\"heading.default\">\n\t\t\t\t<div class=\"elementor-widget-container\">\n\t\t\t\t\t<h2 class=\"elementor-heading-title elementor-size-default\">Znajd\u017a lekarza<\/h2>\t\t\t\t<\/div>\n\t\t\t\t<\/div>\n\t\t\t\t<div class=\"elementor-element elementor-element-2beac189 elementor-invisible elementor-widget elementor-widget-text-editor\" data-id=\"2beac189\" data-element_type=\"widget\" data-settings=\"{&quot;_animation&quot;:&quot;fadeInDown&quot;,&quot;_animation_delay&quot;:500,&quot;_ob_widget_stalker_use&quot;:&quot;no&quot;,&quot;_ob_shadough_use&quot;:&quot;no&quot;,&quot;_ob_allow_hoveranimator&quot;:&quot;no&quot;}\" data-widget_type=\"text-editor.default\">\n\t\t\t\t<div class=\"elementor-widget-container\">\n\t\t\t\t\t\t\t\t\t<p style=\"text-align: center;\" data-mce-style=\"text-align: center;\">Szukasz profesjonalnej porady medycznej?<br \/>Znajd\u017a lekarza w&nbsp;pobli\u017cu swojego miejsca zamieszkania i&nbsp;um\u00f3w si\u0119 na wizyt\u0119.<\/p>\n\t\t\t\t\t\t\t\t<\/div>\n\t\t\t\t<\/div>\n\t\t\t\t\t<\/div>\n\t\t<\/div>\n\t\t\t\t\t<\/div>\n\t\t<\/section>\n\t\t\t\t<section data-particle_enable=\"false\" data-particle-mobile-disabled=\"false\" class=\"elementor-section elementor-top-section elementor-element elementor-element-a37463e elementor-section-boxed elementor-section-height-default elementor-section-height-default\" data-id=\"a37463e\" data-element_type=\"section\" data-settings=\"{&quot;_ob_glider_is_slider&quot;:&quot;no&quot;}\">\n\t\t\t\t\t\t<div class=\"elementor-container elementor-column-gap-default\">\n\t\t\t\t\t<div class=\"elementor-column elementor-col-50 elementor-top-column elementor-element elementor-element-3059a06\" data-id=\"3059a06\" data-element_type=\"column\" data-settings=\"{&quot;_ob_column_hoveranimator&quot;:&quot;no&quot;,&quot;_ob_column_has_pseudo&quot;:&quot;no&quot;}\">\n\t\t\t<div class=\"elementor-widget-wrap elementor-element-populated\">\n\t\t\t\t\t\t<div class=\"elementor-element elementor-element-0f28761 ob-harakiri-inherit elementor-widget elementor-widget-heading\" data-id=\"0f28761\" data-element_type=\"widget\" data-settings=\"{&quot;_ob_use_harakiri&quot;:&quot;yes&quot;,&quot;_ob_harakiri_writing_mode&quot;:&quot;inherit&quot;,&quot;_ob_harakiri_text_clip&quot;:&quot;none&quot;,&quot;_ob_widget_stalker_use&quot;:&quot;no&quot;,&quot;_ob_shadough_use&quot;:&quot;no&quot;,&quot;_ob_allow_hoveranimator&quot;:&quot;no&quot;}\" data-widget_type=\"heading.default\">\n\t\t\t\t<div class=\"elementor-widget-container\">\n\t\t\t\t\t<h2 class=\"elementor-heading-title elementor-size-default\"><div class=\"under-yellow\">Znajd\u017a specjalist\u0119<\/div><\/h2>\t\t\t\t<\/div>\n\t\t\t\t<\/div>\n\t\t\t\t<div class=\"elementor-element elementor-element-54308cc elementor-widget elementor-widget-shortcode\" data-id=\"54308cc\" data-element_type=\"widget\" data-settings=\"{&quot;_ob_widget_stalker_use&quot;:&quot;no&quot;,&quot;_ob_shadough_use&quot;:&quot;no&quot;,&quot;_ob_allow_hoveranimator&quot;:&quot;no&quot;}\" data-widget_type=\"shortcode.default\">\n\t\t\t\t<div class=\"elementor-widget-container\">\n\t\t\t\t\t\t\t<div class=\"elementor-shortcode\">\t<select id=\"fdm\" name=\"fdm\">\n\t\t<option value=\"\" selected>Wybierz<\/option><option value=\"Specjalista chor\u00f3b wewn\u0119trznych\">Specjalista chor\u00f3b wewn\u0119trznych<\/option><option value=\"Specjalista od spraw \u017cywienia\">Specjalista od spraw \u017cywienia<\/option><option value=\"Endokrynolog\">Endokrynolog<\/option><option value=\"Diabetolog\">Diabetolog<\/option><option value=\"Lekarz pierwszego kontaktu\">Lekarz pierwszego kontaktu<\/option><option value=\"Lekarz rodzinny\">Lekarz rodzinny<\/option>\t<\/select>\n\n\t<a id=\"fd_btn\" href=\"#link-find-a-doctor\" class=\"grve-portfolio-details-btn grve-btn grve-disable-link\">SZUKAJ<\/a>\n\t\t<script>\n\t\tjQuery(document).ready(function() {\n\t\t\tjQuery('#fd_btn').click(function(e) {\n\t\t\t\tif (jQuery('#fd_btn').hasClass('grve-disable-link')) {\n\t\t\t\t\te.preventDefault();\n\t\t\t\t} else {\n\t\t\t\t\tsetTimeout(() => {\n\t\t\t\t\t\tvar selected_option_value = jQuery('#fdm').find(\":selected\").val();\n\t\t\t\t\t\tif (selected_option_value != '') {\n\t\t\t\t\t\t\tjQuery('#fd_btn').removeClass('grve-disable-link');\n\t\t\t\t\t\t\t\/\/\t\t\t\t\t\t\tjQuery('#fd_btn_modal').attr('href', 'https:\/\/www.google.com\/maps\/search\/' + selected_option_value + '\/@51.919438,19.145136,13z\/data=!3m1!4b1')\n\t\t\t\t\t\t\tjQuery('#fd_btn_modal').attr('target', '_blank');\n\t\t\t\t\t\t\tjQuery('#fd_btn_modal').attr('href', 'https:\/\/www.google.com\/maps\/search\/' + selected_option_value + '\/data=!3m1!4b1' + '?hl=PL');\n\n\t\t\t\t\t\t\t_satellite.track(\"adHocEvent\", {\n\t\t\t\t\t\t\t\t\"eventCategory\": \"CTAclick\",\n\t\t\t\t\t\t\t\t\"eventAction\": \"cta button\",\n\t\t\t\t\t\t\t\t\"eventLabel\": \"Find a Doctor\",\n\t\t\t\t\t\t\t\t\"eventValue\": selected_option_value\n\t\t\t\t\t\t\t});\n\t\t\t\t\t\t}\n\t\t\t\t\t}, 500);\n\t\t\t\t}\n\t\t\t\t\/\/do other stuff when a click happens\n\t\t\t});\n\n\t\t\tjQuery('#fdm').on('change', function() {\n\t\t\t\tvar selected_option_value = jQuery(this).find(\":selected\").val();\n\t\t\t\tif (selected_option_value != '') {\n\t\t\t\t\tjQuery('#fd_btn').removeClass('grve-disable-link');\n\t\t\t\t\t\/\/jQuery('#fd_btn_modal a').attr('href', 'https:\/\/www.google.com\/maps\/search\/' + selected_option_value + '\/@51.919438,19.145136,13z\/data=!3m1!4b1')\n\n\t\t\t\t} else {\n\t\t\t\t\tjQuery('#fd_btn').addClass('grve-disable-link');\n\t\t\t\t}\n\t\t\t});\n\t\t});\n\t<\/script>\n<\/div>\n\t\t\t\t\t\t<\/div>\n\t\t\t\t<\/div>\n\t\t\t\t\t<\/div>\n\t\t<\/div>\n\t\t\t\t<div class=\"elementor-column elementor-col-50 elementor-top-column elementor-element elementor-element-55057a8\" data-id=\"55057a8\" data-element_type=\"column\" data-settings=\"{&quot;_ob_column_hoveranimator&quot;:&quot;no&quot;,&quot;_ob_column_has_pseudo&quot;:&quot;no&quot;}\">\n\t\t\t<div class=\"elementor-widget-wrap elementor-element-populated\">\n\t\t\t\t\t\t<div class=\"elementor-element elementor-element-58cdece rtl-reverse-x elementor-widget elementor-widget-image\" data-id=\"58cdece\" data-element_type=\"widget\" data-settings=\"{&quot;_ob_widget_stalker_use&quot;:&quot;no&quot;,&quot;_ob_shadough_use&quot;:&quot;no&quot;,&quot;_ob_allow_hoveranimator&quot;:&quot;no&quot;}\" data-widget_type=\"image.default\">\n\t\t\t\t<div class=\"elementor-widget-container\">\n\t\t\t\t\t\t\t\t\t\t\t\t\t\t\t<img fetchpriority=\"high\" decoding=\"async\" width=\"612\" height=\"612\" src=\"https:\/\/staging-esow.devfloat.pt\/wp-content\/uploads\/2022\/07\/making-the-most.png\" class=\"attachment-full size-full wp-image-17560\" alt=\"\" srcset=\"https:\/\/staging-esow.devfloat.pt\/wp-content\/uploads\/2022\/07\/making-the-most.png 612w, https:\/\/staging-esow.devfloat.pt\/wp-content\/uploads\/2022\/07\/making-the-most-300x300.png 300w, https:\/\/staging-esow.devfloat.pt\/wp-content\/uploads\/2022\/07\/making-the-most-150x150.png 150w, https:\/\/staging-esow.devfloat.pt\/wp-content\/uploads\/2022\/07\/making-the-most-560x560.png 560w\" sizes=\"(max-width: 612px) 100vw, 612px\" \/>\t\t\t\t\t\t\t\t\t\t\t\t\t\t\t<\/div>\n\t\t\t\t<\/div>\n\t\t\t\t\t<\/div>\n\t\t<\/div>\n\t\t\t\t\t<\/div>\n\t\t<\/section>\n\t\t\t\t<section data-particle_enable=\"false\" data-particle-mobile-disabled=\"false\" class=\"elementor-section elementor-top-section elementor-element elementor-element-31b6e3c elementor-section-boxed elementor-section-height-default elementor-section-height-default\" data-id=\"31b6e3c\" data-element_type=\"section\" data-settings=\"{&quot;_ob_glider_is_slider&quot;:&quot;no&quot;}\">\n\t\t\t\t\t\t<div class=\"elementor-container elementor-column-gap-default\">\n\t\t\t\t\t<div class=\"elementor-column elementor-col-100 elementor-top-column elementor-element elementor-element-5e911fb\" data-id=\"5e911fb\" data-element_type=\"column\" data-settings=\"{&quot;_ob_column_hoveranimator&quot;:&quot;no&quot;,&quot;_ob_column_has_pseudo&quot;:&quot;no&quot;}\">\n\t\t\t<div class=\"elementor-widget-wrap elementor-element-populated\">\n\t\t\t\t\t\t<div class=\"elementor-element elementor-element-912ab3a ref-text elementor-widget elementor-widget-wp-widget-text\" data-id=\"912ab3a\" data-element_type=\"widget\" data-settings=\"{&quot;_ob_widget_stalker_use&quot;:&quot;no&quot;,&quot;_ob_shadough_use&quot;:&quot;no&quot;,&quot;_ob_allow_hoveranimator&quot;:&quot;no&quot;}\" data-widget_type=\"wp-widget-text.default\">\n\t\t\t\t<div class=\"elementor-widget-container\">\n\t\t\t\t\t\t\t\t<div class=\"textwidget\"><p>PL-MET-00051<\/p>\n<\/div>\n\t\t\t\t\t\t<\/div>\n\t\t\t\t<\/div>\n\t\t\t\t\t<\/div>\n\t\t<\/div>\n\t\t\t\t\t<\/div>\n\t\t<\/section>\n\t\t\t\t<section data-particle_enable=\"false\" data-particle-mobile-disabled=\"false\" class=\"elementor-section elementor-top-section elementor-element elementor-element-29b5569d elementor-section-boxed elementor-section-height-default elementor-section-height-default\" data-id=\"29b5569d\" data-element_type=\"section\" data-settings=\"{&quot;background_background&quot;:&quot;classic&quot;,&quot;_ob_glider_is_slider&quot;:&quot;no&quot;}\">\n\t\t\t\t\t\t<div class=\"elementor-container elementor-column-gap-default\">\n\t\t\t\t\t<div class=\"elementor-column elementor-col-100 elementor-top-column elementor-element elementor-element-7a5edae3\" data-id=\"7a5edae3\" data-element_type=\"column\" data-settings=\"{&quot;_ob_column_hoveranimator&quot;:&quot;no&quot;,&quot;_ob_column_has_pseudo&quot;:&quot;no&quot;}\">\n\t\t\t<div class=\"elementor-widget-wrap elementor-element-populated\">\n\t\t\t\t\t\t<div class=\"elementor-element elementor-element-69c9115f elementor-widget elementor-widget-template\" data-id=\"69c9115f\" data-element_type=\"widget\" data-settings=\"{&quot;_ob_widget_stalker_use&quot;:&quot;no&quot;,&quot;_ob_shadough_use&quot;:&quot;no&quot;,&quot;_ob_allow_hoveranimator&quot;:&quot;no&quot;}\" data-widget_type=\"template.default\">\n\t\t\t\t<div class=\"elementor-widget-container\">\n\t\t\t\t\t\t\t<div class=\"elementor-template\">\n\t\t\t\t\t<div data-elementor-type=\"section\" data-elementor-id=\"18057\" class=\"elementor elementor-18057 elementor-5110\" data-elementor-post-type=\"elementor_library\">\n\t\t\t\t\t<section data-particle_enable=\"false\" data-particle-mobile-disabled=\"false\" class=\"elementor-section elementor-top-section elementor-element elementor-element-25444eb pre-footer elementor-section-boxed elementor-section-height-default elementor-section-height-default\" data-id=\"25444eb\" data-element_type=\"section\" data-settings=\"{&quot;background_background&quot;:&quot;classic&quot;,&quot;_ob_glider_is_slider&quot;:&quot;no&quot;}\">\n\t\t\t\t\t\t<div class=\"elementor-container elementor-column-gap-default\">\n\t\t\t\t\t<div class=\"elementor-column elementor-col-25 elementor-top-column elementor-element elementor-element-88dad86\" data-id=\"88dad86\" data-element_type=\"column\" data-settings=\"{&quot;_ob_column_hoveranimator&quot;:&quot;no&quot;,&quot;_ob_column_has_pseudo&quot;:&quot;no&quot;}\">\n\t\t\t<div class=\"elementor-widget-wrap elementor-element-populated\">\n\t\t\t\t\t\t<div class=\"elementor-element elementor-element-192ff43 pre-footer-black ob-harakiri-inherit elementor-widget elementor-widget-heading\" data-id=\"192ff43\" data-element_type=\"widget\" data-settings=\"{&quot;_ob_use_harakiri&quot;:&quot;yes&quot;,&quot;_ob_harakiri_writing_mode&quot;:&quot;inherit&quot;,&quot;_ob_harakiri_text_clip&quot;:&quot;none&quot;,&quot;_ob_widget_stalker_use&quot;:&quot;no&quot;,&quot;_ob_shadough_use&quot;:&quot;no&quot;,&quot;_ob_allow_hoveranimator&quot;:&quot;no&quot;}\" data-widget_type=\"heading.default\">\n\t\t\t\t<div class=\"elementor-widget-container\">\n\t\t\t\t\t<h2 class=\"elementor-heading-title elementor-size-default\">chcesz wiedzie\u0107 <br> wi\u0119cej o\u00a0cukrzycy?<\/h2>\t\t\t\t<\/div>\n\t\t\t\t<\/div>\n\t\t\t\t<section data-particle_enable=\"false\" data-particle-mobile-disabled=\"false\" class=\"elementor-section elementor-inner-section elementor-element elementor-element-ea9dc23 elementor-section-full_width elementor-section-height-default elementor-section-height-default\" data-id=\"ea9dc23\" data-element_type=\"section\" data-settings=\"{&quot;_ob_glider_is_slider&quot;:&quot;no&quot;}\">\n\t\t\t\t\t\t<div class=\"elementor-container elementor-column-gap-default\">\n\t\t\t\t\t<div class=\"elementor-column elementor-col-50 elementor-inner-column elementor-element elementor-element-064de5c\" data-id=\"064de5c\" data-element_type=\"column\" data-settings=\"{&quot;_ob_column_hoveranimator&quot;:&quot;no&quot;,&quot;_ob_column_has_pseudo&quot;:&quot;no&quot;}\">\n\t\t\t<div class=\"elementor-widget-wrap elementor-element-populated\">\n\t\t\t\t\t\t<div class=\"elementor-element elementor-element-815dc2f pre-footer-link ob-harakiri-inherit elementor-widget elementor-widget-heading\" data-id=\"815dc2f\" data-element_type=\"widget\" data-settings=\"{&quot;_ob_use_harakiri&quot;:&quot;yes&quot;,&quot;_ob_harakiri_writing_mode&quot;:&quot;inherit&quot;,&quot;_ob_harakiri_text_clip&quot;:&quot;none&quot;,&quot;_ob_widget_stalker_use&quot;:&quot;no&quot;,&quot;_ob_shadough_use&quot;:&quot;no&quot;,&quot;_ob_allow_hoveranimator&quot;:&quot;no&quot;}\" data-widget_type=\"heading.default\">\n\t\t\t\t<div class=\"elementor-widget-container\">\n\t\t\t\t\t<h2 class=\"elementor-heading-title elementor-size-default\"><a href=\"https:\/\/staging-esow.devfloat.pt\/take-the-test\/\"><div class=\"under-blue\">Zr\u00f3b test<\/div><\/a><\/h2>\t\t\t\t<\/div>\n\t\t\t\t<\/div>\n\t\t\t\t\t<\/div>\n\t\t<\/div>\n\t\t\t\t<div class=\"elementor-column elementor-col-50 elementor-inner-column elementor-element elementor-element-ccb95b1\" data-id=\"ccb95b1\" data-element_type=\"column\" data-settings=\"{&quot;_ob_column_hoveranimator&quot;:&quot;no&quot;,&quot;_ob_column_has_pseudo&quot;:&quot;no&quot;}\">\n\t\t\t<div class=\"elementor-widget-wrap elementor-element-populated\">\n\t\t\t\t\t\t<div class=\"elementor-element elementor-element-434e6ba elementor-widget__width-initial elementor-widget elementor-widget-image\" data-id=\"434e6ba\" data-element_type=\"widget\" data-settings=\"{&quot;_ob_widget_stalker_use&quot;:&quot;no&quot;,&quot;_ob_shadough_use&quot;:&quot;no&quot;,&quot;_ob_allow_hoveranimator&quot;:&quot;no&quot;}\" data-widget_type=\"image.default\">\n\t\t\t\t<div class=\"elementor-widget-container\">\n\t\t\t\t\t\t\t\t\t\t\t\t\t\t\t\t<a href=\"https:\/\/staging-esow.devfloat.pt\/take-the-test\/\">\n\t\t\t\t\t\t\t<img decoding=\"async\" width=\"33\" height=\"38\" src=\"https:\/\/staging-esow.devfloat.pt\/wp-content\/uploads\/2022\/11\/Caminho-1151.svg\" class=\"attachment-full size-full wp-image-17589\" alt=\"\" \/>\t\t\t\t\t\t\t\t<\/a>\n\t\t\t\t\t\t\t\t\t\t\t\t\t\t\t<\/div>\n\t\t\t\t<\/div>\n\t\t\t\t\t<\/div>\n\t\t<\/div>\n\t\t\t\t\t<\/div>\n\t\t<\/section>\n\t\t\t\t\t<\/div>\n\t\t<\/div>\n\t\t\t\t<div class=\"elementor-column elementor-col-25 elementor-top-column elementor-element elementor-element-8252732\" data-id=\"8252732\" data-element_type=\"column\" data-settings=\"{&quot;_ob_column_hoveranimator&quot;:&quot;no&quot;,&quot;_ob_column_has_pseudo&quot;:&quot;no&quot;}\">\n\t\t\t<div class=\"elementor-widget-wrap elementor-element-populated\">\n\t\t\t\t\t\t<div class=\"elementor-element elementor-element-f92326b pre-footer-black ob-harakiri-inherit elementor-widget elementor-widget-heading\" data-id=\"f92326b\" data-element_type=\"widget\" data-settings=\"{&quot;_ob_use_harakiri&quot;:&quot;yes&quot;,&quot;_ob_harakiri_writing_mode&quot;:&quot;inherit&quot;,&quot;_ob_harakiri_text_clip&quot;:&quot;none&quot;,&quot;_ob_widget_stalker_use&quot;:&quot;no&quot;,&quot;_ob_shadough_use&quot;:&quot;no&quot;,&quot;_ob_allow_hoveranimator&quot;:&quot;no&quot;}\" data-widget_type=\"heading.default\">\n\t\t\t\t<div class=\"elementor-widget-container\">\n\t\t\t\t\t<h2 class=\"elementor-heading-title elementor-size-default\">Potrzebujesz <br> porady medycznej?<\/h2>\t\t\t\t<\/div>\n\t\t\t\t<\/div>\n\t\t\t\t<section data-particle_enable=\"false\" data-particle-mobile-disabled=\"false\" class=\"elementor-section elementor-inner-section elementor-element elementor-element-33e2245 elementor-section-full_width elementor-section-height-default elementor-section-height-default\" data-id=\"33e2245\" data-element_type=\"section\" data-settings=\"{&quot;_ob_glider_is_slider&quot;:&quot;no&quot;}\">\n\t\t\t\t\t\t<div class=\"elementor-container elementor-column-gap-default\">\n\t\t\t\t\t<div class=\"elementor-column elementor-col-50 elementor-inner-column elementor-element elementor-element-c2cc7b9\" data-id=\"c2cc7b9\" data-element_type=\"column\" data-settings=\"{&quot;_ob_column_hoveranimator&quot;:&quot;no&quot;,&quot;_ob_column_has_pseudo&quot;:&quot;no&quot;}\">\n\t\t\t<div class=\"elementor-widget-wrap elementor-element-populated\">\n\t\t\t\t\t\t<div class=\"elementor-element elementor-element-e11fa9d pre-footer-link elementor-widget__width-initial ob-harakiri-inherit elementor-widget elementor-widget-heading\" data-id=\"e11fa9d\" data-element_type=\"widget\" data-settings=\"{&quot;_ob_use_harakiri&quot;:&quot;yes&quot;,&quot;_ob_harakiri_writing_mode&quot;:&quot;inherit&quot;,&quot;_ob_harakiri_text_clip&quot;:&quot;none&quot;,&quot;_ob_widget_stalker_use&quot;:&quot;no&quot;,&quot;_ob_shadough_use&quot;:&quot;no&quot;,&quot;_ob_allow_hoveranimator&quot;:&quot;no&quot;}\" data-widget_type=\"heading.default\">\n\t\t\t\t<div class=\"elementor-widget-container\">\n\t\t\t\t\t<h2 class=\"elementor-heading-title elementor-size-default\"><a href=\"https:\/\/staging-esow.devfloat.pt\/find-a-doctor\/\"><span class=\"under-blue\">Znajd\u017a lekarza<\/span><\/a><\/h2>\t\t\t\t<\/div>\n\t\t\t\t<\/div>\n\t\t\t\t\t<\/div>\n\t\t<\/div>\n\t\t\t\t<div class=\"elementor-column elementor-col-50 elementor-inner-column elementor-element elementor-element-e8305be\" data-id=\"e8305be\" data-element_type=\"column\" data-settings=\"{&quot;_ob_column_hoveranimator&quot;:&quot;no&quot;,&quot;_ob_column_has_pseudo&quot;:&quot;no&quot;}\">\n\t\t\t<div class=\"elementor-widget-wrap elementor-element-populated\">\n\t\t\t\t\t\t<div class=\"elementor-element elementor-element-29408aa elementor-widget__width-initial elementor-widget elementor-widget-image\" data-id=\"29408aa\" data-element_type=\"widget\" data-settings=\"{&quot;_ob_widget_stalker_use&quot;:&quot;no&quot;,&quot;_ob_shadough_use&quot;:&quot;no&quot;,&quot;_ob_allow_hoveranimator&quot;:&quot;no&quot;}\" data-widget_type=\"image.default\">\n\t\t\t\t<div class=\"elementor-widget-container\">\n\t\t\t\t\t\t\t\t\t\t\t\t\t\t\t\t<a href=\"https:\/\/staging-esow.devfloat.pt\/find-a-doctor\/\">\n\t\t\t\t\t\t\t<img decoding=\"async\" width=\"34\" height=\"36\" src=\"https:\/\/staging-esow.devfloat.pt\/wp-content\/uploads\/2022\/11\/Grupo-472.svg\" class=\"attachment-full size-full wp-image-17591\" alt=\"\" \/>\t\t\t\t\t\t\t\t<\/a>\n\t\t\t\t\t\t\t\t\t\t\t\t\t\t\t<\/div>\n\t\t\t\t<\/div>\n\t\t\t\t\t<\/div>\n\t\t<\/div>\n\t\t\t\t\t<\/div>\n\t\t<\/section>\n\t\t\t\t\t<\/div>\n\t\t<\/div>\n\t\t\t\t<div class=\"elementor-column elementor-col-50 elementor-top-column elementor-element elementor-element-85512d4\" data-id=\"85512d4\" data-element_type=\"column\" data-settings=\"{&quot;_ob_column_hoveranimator&quot;:&quot;no&quot;,&quot;_ob_column_has_pseudo&quot;:&quot;no&quot;}\">\n\t\t\t<div class=\"elementor-widget-wrap elementor-element-populated\">\n\t\t\t\t\t\t<div class=\"elementor-element elementor-element-23f210b pre-footer-black elementor-widget__width-initial ob-harakiri-inherit elementor-widget elementor-widget-heading\" data-id=\"23f210b\" data-element_type=\"widget\" data-settings=\"{&quot;_ob_use_harakiri&quot;:&quot;yes&quot;,&quot;_ob_harakiri_writing_mode&quot;:&quot;inherit&quot;,&quot;_ob_harakiri_text_clip&quot;:&quot;none&quot;,&quot;_ob_widget_stalker_use&quot;:&quot;no&quot;,&quot;_ob_shadough_use&quot;:&quot;no&quot;,&quot;_ob_allow_hoveranimator&quot;:&quot;no&quot;}\" data-widget_type=\"heading.default\">\n\t\t\t\t<div class=\"elementor-widget-container\">\n\t\t\t\t\t<h2 class=\"elementor-heading-title elementor-size-default\">Wprowad\u017a pozytywne <br> zmiany do swojego \u017cycia<\/h2>\t\t\t\t<\/div>\n\t\t\t\t<\/div>\n\t\t\t\t<section data-particle_enable=\"false\" data-particle-mobile-disabled=\"false\" class=\"elementor-section elementor-inner-section elementor-element elementor-element-f17b8f3 elementor-section-full_width elementor-section-height-default elementor-section-height-default\" data-id=\"f17b8f3\" data-element_type=\"section\" data-settings=\"{&quot;_ob_glider_is_slider&quot;:&quot;no&quot;}\">\n\t\t\t\t\t\t<div class=\"elementor-container elementor-column-gap-default\">\n\t\t\t\t\t<div class=\"elementor-column elementor-col-50 elementor-inner-column elementor-element elementor-element-7ea0272\" data-id=\"7ea0272\" data-element_type=\"column\" data-settings=\"{&quot;_ob_column_hoveranimator&quot;:&quot;no&quot;,&quot;_ob_column_has_pseudo&quot;:&quot;no&quot;}\">\n\t\t\t<div class=\"elementor-widget-wrap elementor-element-populated\">\n\t\t\t\t\t\t<div class=\"elementor-element elementor-element-f882c2b pre-footer-link elementor-widget__width-initial ob-harakiri-inherit elementor-widget elementor-widget-heading\" data-id=\"f882c2b\" data-element_type=\"widget\" data-settings=\"{&quot;_ob_use_harakiri&quot;:&quot;yes&quot;,&quot;_ob_harakiri_writing_mode&quot;:&quot;inherit&quot;,&quot;_ob_harakiri_text_clip&quot;:&quot;none&quot;,&quot;_ob_widget_stalker_use&quot;:&quot;no&quot;,&quot;_ob_shadough_use&quot;:&quot;no&quot;,&quot;_ob_allow_hoveranimator&quot;:&quot;no&quot;}\" data-widget_type=\"heading.default\">\n\t\t\t\t<div class=\"elementor-widget-container\">\n\t\t\t\t\t<h2 class=\"elementor-heading-title elementor-size-default\"><a href=\"https:\/\/staging-esow.devfloat.pt\/pl\/what-can-i-do\/\"><div class=\"under-blue\">Co jeszcze mog\u0119 zrobi\u0107?<\/div><\/a><\/h2>\t\t\t\t<\/div>\n\t\t\t\t<\/div>\n\t\t\t\t\t<\/div>\n\t\t<\/div>\n\t\t\t\t<div class=\"elementor-column elementor-col-50 elementor-inner-column elementor-element elementor-element-c41d09d\" data-id=\"c41d09d\" data-element_type=\"column\" data-settings=\"{&quot;_ob_column_hoveranimator&quot;:&quot;no&quot;,&quot;_ob_column_has_pseudo&quot;:&quot;no&quot;}\">\n\t\t\t<div class=\"elementor-widget-wrap elementor-element-populated\">\n\t\t\t\t\t\t<div class=\"elementor-element elementor-element-e7932d3 elementor-widget elementor-widget-image\" data-id=\"e7932d3\" data-element_type=\"widget\" data-settings=\"{&quot;_ob_widget_stalker_use&quot;:&quot;no&quot;,&quot;_ob_shadough_use&quot;:&quot;no&quot;,&quot;_ob_allow_hoveranimator&quot;:&quot;no&quot;}\" data-widget_type=\"image.default\">\n\t\t\t\t<div class=\"elementor-widget-container\">\n\t\t\t\t\t\t\t\t\t\t\t\t\t\t\t\t<a href=\"https:\/\/staging-esow.devfloat.pt\/pl\/what-can-i-do\/\">\n\t\t\t\t\t\t\t<img loading=\"lazy\" decoding=\"async\" width=\"39\" height=\"21\" src=\"https:\/\/staging-esow.devfloat.pt\/wp-content\/uploads\/2022\/11\/Caminho-5535.svg\" class=\"attachment-full size-full wp-image-17590\" alt=\"\" \/>\t\t\t\t\t\t\t\t<\/a>\n\t\t\t\t\t\t\t\t\t\t\t\t\t\t\t<\/div>\n\t\t\t\t<\/div>\n\t\t\t\t\t<\/div>\n\t\t<\/div>\n\t\t\t\t\t<\/div>\n\t\t<\/section>\n\t\t\t\t\t<\/div>\n\t\t<\/div>\n\t\t\t\t\t<\/div>\n\t\t<\/section>\n\t\t\t\t<\/div>\n\t\t\t\t<\/div>\n\t\t\t\t\t\t<\/div>\n\t\t\t\t<\/div>\n\t\t\t\t\t<\/div>\n\t\t<\/div>\n\t\t\t\t\t<\/div>\n\t\t<\/section>\n\t\t\t\t<\/div>\n\t\t","protected":false},"excerpt":{"rendered":"<p>Znajd\u017a lekarza Szukasz profesjonalnej porady medycznej?Znajd\u017a lekarza w&nbsp;pobli\u017cu swojego miejsca zamieszkania i&nbsp;um\u00f3w si\u0119 na wizyt\u0119. Znajd\u017a specjalist\u0119<\/p>\n","protected":false},"author":1,"featured_media":17713,"parent":0,"menu_order":39,"comment_status":"closed","ping_status":"closed","template":"elementor_header_footer","meta":{"footnotes":""},"class_list":["post-17992","page","type-page","status-publish","has-post-thumbnail","hentry"],"aioseo_notices":[],"_links":{"self":[{"href":"https:\/\/staging-esow.devfloat.pt\/pl\/wp-json\/wp\/v2\/pages\/17992","targetHints":{"allow":["GET"]}}],"collection":[{"href":"https:\/\/staging-esow.devfloat.pt\/pl\/wp-json\/wp\/v2\/pages"}],"about":[{"href":"https:\/\/staging-esow.devfloat.pt\/pl\/wp-json\/wp\/v2\/types\/page"}],"author":[{"embeddable":true,"href":"https:\/\/staging-esow.devfloat.pt\/pl\/wp-json\/wp\/v2\/users\/1"}],"replies":[{"embeddable":true,"href":"https:\/\/staging-esow.devfloat.pt\/pl\/wp-json\/wp\/v2\/comments?post=17992"}],"version-history":[{"count":20,"href":"https:\/\/staging-esow.devfloat.pt\/pl\/wp-json\/wp\/v2\/pages\/17992\/revisions"}],"predecessor-version":[{"id":24483,"href":"https:\/\/staging-esow.devfloat.pt\/pl\/wp-json\/wp\/v2\/pages\/17992\/revisions\/24483"}],"wp:featuredmedia":[{"embeddable":true,"href":"https:\/\/staging-esow.devfloat.pt\/pl\/wp-json\/wp\/v2\/media\/17713"}],"wp:attachment":[{"href":"https:\/\/staging-esow.devfloat.pt\/pl\/wp-json\/wp\/v2\/media?parent=17992"}],"curies":[{"name":"wp","href":"https:\/\/api.w.org\/{rel}","templated":true}]}}